{"id":617,"date":"2018-09-12T16:36:16","date_gmt":"2018-09-12T14:36:16","guid":{"rendered":"http:\/\/goon.futurity.pl\/?page_id=617"},"modified":"2018-09-18T13:41:20","modified_gmt":"2018-09-18T11:41:20","slug":"ueber-die-marke","status":"publish","type":"page","link":"https:\/\/www.goonnutrition.pl\/de\/ueber-die-marke\/","title":{"rendered":"\u00dcber die Marke"},"content":{"rendered":"<section class=\"ffb-id-j0ab2h7 fg-section fg-el-has-bg fg-text-dark\"><span class=\"fg-bg\"><span data-fg-bg=\"{&quot;type&quot;:&quot;color&quot;,&quot;opacity&quot;:1,&quot;color&quot;:&quot;#f7f8fa&quot;}\" class=\"fg-bg-layer fg-bg-type-color \" style=\"opacity: 1; background-color: #f7f8fa;\"><\/span><\/span><div class=\"fg-container container fg-container-large fg-container-lvl--1 \"><div class=\"fg-row row    \" ><div class=\"ffb-id-j0ab2h8 fg-col col-xs-12 col-md-4 fg-el-has-bg fg-temp-height fg-text-dark\" data-fg-force-min-height=\"{&quot;breakpoint_1&quot;:{&quot;height&quot;:&quot;&quot;,&quot;offset&quot;:&quot;&quot;},&quot;breakpoint_2&quot;:{&quot;height&quot;:&quot;&quot;,&quot;offset&quot;:&quot;&quot;},&quot;breakpoint_3&quot;:{&quot;height&quot;:&quot;&quot;,&quot;offset&quot;:&quot;&quot;},&quot;breakpoint_4&quot;:{&quot;height&quot;:&quot;&quot;,&quot;offset&quot;:&quot;&quot;}}\" ><span class=\"fg-bg\"><span data-fg-bg=\"{&quot;type&quot;:&quot;color&quot;,&quot;opacity&quot;:1,&quot;color&quot;:&quot;#f7f8fa&quot;}\" class=\"fg-bg-layer fg-bg-type-color \" style=\"opacity: 1; background-color: #f7f8fa;\"><\/span><span data-fg-bg=\"{&quot;type&quot;:&quot;gradient&quot;,&quot;gradient&quot;:&quot;&quot;,&quot;opacity&quot;:1}\" class=\"fg-bg-layer fg-bg-type-gradient \" style=\"opacity: 1; \"><\/span><span data-fg-bg=\"{&quot;type&quot;:&quot;image&quot;,&quot;opacity&quot;:1,&quot;url&quot;:&quot;&quot;,&quot;size&quot;:&quot;cover&quot;,&quot;repeat&quot;:&quot;no-repeat&quot;,&quot;attachment&quot;:&quot;scroll&quot;,&quot;position&quot;:&quot;center center&quot;}\" class=\"fg-bg-layer fg-bg-type-image \" style=\"opacity: 1; background-image: url(&quot;&quot;); background-repeat: no-repeat; background-attachment: scroll; background-position: center center; background-size: cover;\"><\/span><span data-fg-bg=\"{&quot;type&quot;:&quot;video&quot;,&quot;opacity&quot;:1,&quot;variant&quot;:&quot;youtube&quot;,&quot;url&quot;:&quot;&quot;,&quot;width&quot;:16,&quot;height&quot;:9,&quot;shield&quot;:&quot;on&quot;}\" class=\"fg-bg-layer fg-bg-type-video \" data-freshgrid=\"{&quot;type&quot;:&quot;video&quot;,&quot;opacity&quot;:1,&quot;variant&quot;:&quot;youtube&quot;,&quot;url&quot;:&quot;&quot;,&quot;width&quot;:16,&quot;height&quot;:9,&quot;shield&quot;:&quot;on&quot;}\"><\/span><span data-fg-bg=\"{&quot;type&quot;:&quot;slant&quot;,&quot;opacity&quot;:1,&quot;color&quot;:&quot;#ffffff&quot;,&quot;edge&quot;:&quot;top&quot;,&quot;direction&quot;:&quot;up&quot;,&quot;angle&quot;:15}\" class=\"fg-bg-layer fg-bg-type-slant \" style=\"opacity: 1\"><\/span><span data-fg-bg=\"{&quot;type&quot;:&quot;parallax&quot;,&quot;url&quot;:&quot;&quot;,&quot;opacity&quot;:1,&quot;width&quot;:&quot;&quot;,&quot;height&quot;:&quot;&quot;,&quot;speed&quot;:50,&quot;size&quot;:&quot;cover&quot;,&quot;offset_h&quot;:50,&quot;offset_v&quot;:50}\" class=\"fg-bg-layer fg-bg-type-parallax \" style=\"opacity: 1; background-image: url(&quot;&quot;);\"><\/span><\/span><section class=\"ffb-id-qj1lkdk section-heading fg-text-dark\"><h2 class=\"fg-text-dark ffb-h2-1\">Our Amazing Work<\/h2><p class=\"fg-text-dark ffb-paragraph-2\">We build the real value<\/p><\/section><section class=\"ffb-id-p7gtd8r blog-timeline-1 grid-layout-0 fg-text-dark\"><div class=\"timeline-v3\" data-grid-layout=\"0\"><div class=\"timeline-v3-list-item\"><div id=\"post-658\" class=\"post-wrapper post-658 post type-post status-publish format-standard hentry category-uber-die-marke fg-text-dark ffb-post-wrapper\"><i class=\"timeline-v3-badge-icon radius-circle\"><\/i><div class=\"timeline-v3-badge\"><\/div><div class=\"timeline-v3-panel\"><article class=\"blog-grid\"><div class=\"blog-grid-box-shadow\"><div class=\"blog-grid-content\"><h2 class=\"blog-grid-title-md fg-text-dark ffb-title-2\"><a class=\"\" href=\"https:\/\/www.goonnutrition.pl\/de\/uber-die-marke\/eine-vernuenftige-diaet\/\">Eine vern\u00fcnftige Di\u00e4t<\/a><\/h2><div class=\"blog-timeline-1-text fg-text-dark ffb-p-content-3\"><div class=\"post-content ff-richtext\"><p>Der K\u00f6rper eines Sportlers hat einen erh\u00f6hten Bedarf an Energie und N\u00e4hrstoffen. Hochwertiges Eiwei\u00df und Kohlenhydraten in den richtigen Proportionen und eine F\u00fclle von Vitaminen, Mineralien und Antioxidantien sind die Ern\u00e4hrung der Basis Athleten. Eine gesunde Ern\u00e4hrung hilft, Muskeln, Koordination und Ausdauer zu entwickeln. Erm\u00f6glicht Ihnen, Fettverbrennung zu intensivieren und Ihre Traumfigur zu bekommen. Erm\u00f6glicht eine systematische Verbesserung der Ergebnisse und Entwicklung von Sportm\u00f6glichkeiten. Es beugt Erm\u00fcdung, Erm\u00fcdung und \u00dcbertraining vor. Es bringt Energie und erh\u00f6ht die Motivation f\u00fcr das Training. GO ON Erg\u00e4nzungen! Ern\u00e4hrung ist ein wichtiger Bestandteil einer ausgewogenen Ern\u00e4hrung jedes Sportlers. Sie unterst\u00fctzen den Muskelaufbau, formen die Figur und verbessern die Form. Sie erm\u00f6glichen es, die Nachfrage nach N\u00e4hrstoffen, die f\u00fcr den Athleten notwendig sind, schnell und effektiv zu erg\u00e4nzen: WPC-Protein, BCAA-Aminos\u00e4uren, Pre-Workout-Supplemente und andere. Sie sind gro\u00dfartig im Geschmack und Sie k\u00f6nnen sie zu Ihren Lieblingsessen hinzuf\u00fcgen.<\/p>\n<\/div><\/div><\/div><div class=\"blog-grid-separator fg-text-dark ffb-separator-4\"><\/div><div class=\"blog-grid-supplemental\"><div class=\"blog-grid-supplemental-title\"><span class=\"ff-meta-item  fg-text-dark ffb-categories-5-1 fg-text-dark ffb-meta-data-5\"><a href=\"https:\/\/www.goonnutrition.pl\/de\/category\/uber-die-marke\/\" class=\"ff-term-60\">\u00dcber die Marke<\/a><\/span><span class=\"ff-meta-separator fg-text-dark ffb-custom-separator\">&nbsp;-&nbsp;<\/span><span class=\"ff-meta-item  fg-text-dark ffb-date-5-2\"><a class=\"blog-grid-supplemental-category\" href=\"https:\/\/www.goonnutrition.pl\/de\/2018\/09\/12\/\">09\/12\/2018<\/a><\/span><\/div><\/div><\/div><\/article><\/div><\/div><\/div><div class=\"timeline-v3-list-item\"><div id=\"post-652\" class=\"post-wrapper post-652 post type-post status-publish format-standard hentry category-uber-die-marke fg-text-dark ffb-post-wrapper\"><i class=\"timeline-v3-badge-icon radius-circle\"><\/i><div class=\"timeline-v3-badge\"><\/div><div class=\"timeline-v3-panel\"><article class=\"blog-grid\"><div class=\"blog-grid-box-shadow\"><div class=\"blog-grid-content\"><h2 class=\"blog-grid-title-md fg-text-dark ffb-title-2\"><a class=\"\" href=\"https:\/\/www.goonnutrition.pl\/de\/uber-die-marke\/optimale-ergaenzung\/\">OPTIMALE ERG\u00c4NZUNG<\/a><\/h2><div class=\"blog-timeline-1-text fg-text-dark ffb-p-content-3\"><div class=\"post-content ff-richtext\"><p>GO ON Erg\u00e4nzungen! Wir erstellen Ern\u00e4hrung nur aus den besten und bew\u00e4hrten Rohstoffen. Wir w\u00e4hlen Lieferanten aus und w\u00e4hlen nur diejenigen aus, die Rohstoffe von h\u00f6chster Qualit\u00e4t best\u00e4tigen k\u00f6nnen. Jede Zutat, die bei der Herstellung unserer Nahrungserg\u00e4nzungsmittel verwendet wird, erf\u00fcllt die erforderlichen gesetzlichen Standards und ist offiziell f\u00fcr den Verzehr freigegeben. Die Zusammensetzung von GO ON erg\u00e4nzt! Die Ern\u00e4hrung ist sicher und transparent, von Experten entwickelt. Auf den Etiketten unserer Supplements gibt es keine allgemeinen Namen von Mischungen &#8211; alle Zutaten sind benannt, weil wir nichts zu verbergen haben! Danke an GO ON Die Ern\u00e4hrung kann bewusst eine gesunde Ern\u00e4hrung mit einer professionellen Nahrungserg\u00e4nzung kombinieren, denn unsere Nahrungserg\u00e4nzungsmittel zeichnen sich durch hervorragende Bioverf\u00fcgbarkeit, hohe Wirksamkeit und ausgezeichneten Geschmack aus<\/p>\n<\/div><\/div><\/div><div class=\"blog-grid-separator fg-text-dark ffb-separator-4\"><\/div><div class=\"blog-grid-supplemental\"><div class=\"blog-grid-supplemental-title\"><span class=\"ff-meta-item  fg-text-dark ffb-categories-5-1 fg-text-dark ffb-meta-data-5\"><a href=\"https:\/\/www.goonnutrition.pl\/de\/category\/uber-die-marke\/\" class=\"ff-term-60\">\u00dcber die Marke<\/a><\/span><span class=\"ff-meta-separator fg-text-dark ffb-custom-separator\">&nbsp;-&nbsp;<\/span><span class=\"ff-meta-item  fg-text-dark ffb-date-5-2\"><a class=\"blog-grid-supplemental-category\" href=\"https:\/\/www.goonnutrition.pl\/de\/2018\/09\/12\/\">09\/12\/2018<\/a><\/span><\/div><\/div><\/div><\/article><\/div><\/div><\/div><div class=\"timeline-v3-list-item\"><div id=\"post-647\" class=\"post-wrapper post-647 post type-post status-publish format-standard hentry category-uber-die-marke fg-text-dark ffb-post-wrapper\"><i class=\"timeline-v3-badge-icon radius-circle\"><\/i><div class=\"timeline-v3-badge\"><\/div><div class=\"timeline-v3-panel\"><article class=\"blog-grid\"><div class=\"blog-grid-box-shadow\"><div class=\"blog-grid-content\"><h2 class=\"blog-grid-title-md fg-text-dark ffb-title-2\"><a class=\"\" href=\"https:\/\/www.goonnutrition.pl\/de\/uber-die-marke\/effektives-training\/\">EFFEKTIVES TRAINING<\/a><\/h2><div class=\"blog-timeline-1-text fg-text-dark ffb-p-content-3\"><div class=\"post-content ff-richtext\"><p>GO ON Nutrition ist die perfekte Erg\u00e4nzung f\u00fcr Menschen, die fit sein wollen! Optimales Training ist eines, das an Ihre Gesundheit, Ihre k\u00f6rperlichen F\u00e4higkeiten und Ihr Alter angepasst ist. Es ber\u00fccksichtigt kurz- und langfristige Ziele. Es hilft, Fitness, Ausdauer und Ausdauer zu verbessern. Es hilft Muskeln zu formen und eine athletische Figur zu erreichen. Es erm\u00f6glicht Ihnen, sich besser und besser in Ihrem K\u00f6rper zu f\u00fchlen. Es f\u00fcgt Attraktivit\u00e4t und Selbstvertrauen hinzu. Es erh\u00f6ht die Lebensenergie und erm\u00f6glicht es Ihnen, ein erf\u00fclltes Leben zu f\u00fchren. Gesundes Training ist eine \u00dcbung ohne unn\u00f6tiges Dr\u00fccken und reduziert das Risiko von \u00dcbertraining und Verletzungen. Gew\u00f6hnt den K\u00f6rper an immer mehr Anstrengung und verbessert die Gesundheit. Ausreichende Auswahl an Disziplin, Verteilung der Trainingslasten, H\u00e4ufigkeit der Klassen wird bessere Ergebnisse und bessere Gem\u00fctsverfassung gew\u00e4hrleisten, alles mit der Unterst\u00fctzung von GO ON Supplements! Nutrition!<\/p>\n<\/div><\/div><\/div><div class=\"blog-grid-separator fg-text-dark ffb-separator-4\"><\/div><div class=\"blog-grid-supplemental\"><div class=\"blog-grid-supplemental-title\"><span class=\"ff-meta-item  fg-text-dark ffb-categories-5-1 fg-text-dark ffb-meta-data-5\"><a href=\"https:\/\/www.goonnutrition.pl\/de\/category\/uber-die-marke\/\" class=\"ff-term-60\">\u00dcber die Marke<\/a><\/span><span class=\"ff-meta-separator fg-text-dark ffb-custom-separator\">&nbsp;-&nbsp;<\/span><span class=\"ff-meta-item  fg-text-dark ffb-date-5-2\"><a class=\"blog-grid-supplemental-category\" href=\"https:\/\/www.goonnutrition.pl\/de\/2018\/09\/12\/\">09\/12\/2018<\/a><\/span><\/div><\/div><\/div><\/article><\/div><\/div><\/div><div class=\"timeline-v3-list-item\"><div id=\"post-640\" class=\"post-wrapper post-640 post type-post status-publish format-standard hentry category-uber-die-marke fg-text-dark ffb-post-wrapper\"><i class=\"timeline-v3-badge-icon radius-circle\"><\/i><div class=\"timeline-v3-badge\"><\/div><div class=\"timeline-v3-panel\"><article class=\"blog-grid\"><div class=\"blog-grid-box-shadow\"><div class=\"blog-grid-content\"><h2 class=\"blog-grid-title-md fg-text-dark ffb-title-2\"><a class=\"\" href=\"https:\/\/www.goonnutrition.pl\/de\/uber-die-marke\/zuverlaessige-unternehmen\/\">ZUVERL\u00c4SSIGE UNTERNEHMEN<\/a><\/h2><div class=\"blog-timeline-1-text fg-text-dark ffb-p-content-3\"><div class=\"post-content ff-richtext\"><p>Geh weiter! Nutrition ist eine Marke von Sante, die seit 25 Jahren ein Experte auf dem Gebiet der gesunden Ern\u00e4hrung und der Verbreiter eines gesunden Lebensstils ist. Sante ist ein Hersteller von hochwertigen Lebensmitteln, einschlie\u00dflich funktioneller Lebensmittel, die sich positiv auf viele K\u00f6rperfunktionen auswirken. Sante bietet mehr als 250 Produkte an, die nicht nur normale Verbraucher, sondern auch Sportler in Polen und auf der ganzen Welt erreichen. Die hohe Qualit\u00e4t der Produkte von Sante wird durch die Auszeichnungen, Auszeichnungen und Zertifikate best\u00e4tigt, die Sante jedes Jahr von unabh\u00e4ngigen Experten und Verbrauchern erhalten. GO ON Erg\u00e4nzungen! Basierend auf unserer langj\u00e4hrigen Erfahrung und unserem Wissen \u00fcber funktionelle Lebensmittel und den Einfluss von Ern\u00e4hrung auf die Gesundheit haben wir Nutrition entwickelt. Die Kombination von Expertenwissen: Di\u00e4tassistenten, Sportler, Wissenschaftler und Technologen hat zur Entwicklung einer Reihe von Nahrungserg\u00e4nzungsmitteln der Premium-Klasse gef\u00fchrt, die den sportlichen Erfolg unterst\u00fctzen.<\/p>\n<\/div><\/div><\/div><div class=\"blog-grid-separator fg-text-dark ffb-separator-4\"><\/div><div class=\"blog-grid-supplemental\"><div class=\"blog-grid-supplemental-title\"><span class=\"ff-meta-item  fg-text-dark ffb-categories-5-1 fg-text-dark ffb-meta-data-5\"><a href=\"https:\/\/www.goonnutrition.pl\/de\/category\/uber-die-marke\/\" class=\"ff-term-60\">\u00dcber die Marke<\/a><\/span><span class=\"ff-meta-separator fg-text-dark ffb-custom-separator\">&nbsp;-&nbsp;<\/span><span class=\"ff-meta-item  fg-text-dark ffb-date-5-2\"><a class=\"blog-grid-supplemental-category\" href=\"https:\/\/www.goonnutrition.pl\/de\/2018\/09\/12\/\">09\/12\/2018<\/a><\/span><\/div><\/div><\/div><\/article><\/div><\/div><\/div><div class=\"timeline-v3-list-item\"><div id=\"post-634\" class=\"post-wrapper post-634 post type-post status-publish format-standard hentry category-uber-die-marke fg-text-dark ffb-post-wrapper\"><i class=\"timeline-v3-badge-icon radius-circle\"><\/i><div class=\"timeline-v3-badge\"><\/div><div class=\"timeline-v3-panel\"><article class=\"blog-grid\"><div class=\"blog-grid-box-shadow\"><div class=\"blog-grid-content\"><h2 class=\"blog-grid-title-md fg-text-dark ffb-title-2\"><a class=\"\" href=\"https:\/\/www.goonnutrition.pl\/de\/uber-die-marke\/hoechste-qualitaet-zusammensetzung\/\">H\u00d6CHSTE QUALIT\u00c4T ZUSAMMENSETZUNG<\/a><\/h2><div class=\"blog-timeline-1-text fg-text-dark ffb-p-content-3\"><div class=\"post-content ff-richtext\"><p>GO ON Erg\u00e4nzungen! Die Ern\u00e4hrung wird nur aus ausgew\u00e4hlten Rohstoffen hergestellt, die Zertifikate haben und von zuverl\u00e4ssigen Lieferanten stammen, die die h\u00f6chsten Qualit\u00e4tsstandards erf\u00fcllen. Alle Rohstoffe werden in der Pufferzone der Anlage kontrolliert, und nur solche mit best\u00e4tigter Qualit\u00e4t sind f\u00fcr die Produktion zugelassen. Wir fertigen alle Erg\u00e4nzungen in unserer Fabrik, wir lagern die Produktion nicht aus. Dadurch haben wir die volle Kontrolle \u00fcber die Qualit\u00e4t in jeder Phase der Arbeit. W\u00e4hrend der Produktion halten wir globale Sicherheitsstandards ein, die strengen Qualit\u00e4ts- und Zertifizierungsstandards entsprechen. Jeder Produktionsschritt wird kontrolliert: vom Rohmaterial \u00fcber die Herstellung des Produkts bis hin zur Verpackung. Die Qualit\u00e4tsabteilung nimmt regelm\u00e4\u00dfig Kontrollen vor. Rohstoffe und Fertigprodukte werden von uns auch auf Geschmack gepr\u00fcft. Erg\u00e4nzung mit GO ON Die Ern\u00e4hrung ist wirksam, schnell und schmackhaft.<\/p>\n<\/div><\/div><\/div><div class=\"blog-grid-separator fg-text-dark ffb-separator-4\"><\/div><div class=\"blog-grid-supplemental\"><div class=\"blog-grid-supplemental-title\"><span class=\"ff-meta-item  fg-text-dark ffb-categories-5-1 fg-text-dark ffb-meta-data-5\"><a href=\"https:\/\/www.goonnutrition.pl\/de\/category\/uber-die-marke\/\" class=\"ff-term-60\">\u00dcber die Marke<\/a><\/span><span class=\"ff-meta-separator fg-text-dark ffb-custom-separator\">&nbsp;-&nbsp;<\/span><span class=\"ff-meta-item  fg-text-dark ffb-date-5-2\"><a class=\"blog-grid-supplemental-category\" href=\"https:\/\/www.goonnutrition.pl\/de\/2018\/09\/12\/\">09\/12\/2018<\/a><\/span><\/div><\/div><\/div><\/article><\/div><\/div><\/div><div class=\"timeline-v3-list-item\"><div id=\"post-625\" class=\"post-wrapper post-625 post type-post status-publish format-standard hentry category-uber-die-marke fg-text-dark ffb-post-wrapper\"><i class=\"timeline-v3-badge-icon radius-circle\"><\/i><div class=\"timeline-v3-badge\"><\/div><div class=\"timeline-v3-panel\"><article class=\"blog-grid\"><div class=\"blog-grid-box-shadow\"><div class=\"blog-grid-content\"><h2 class=\"blog-grid-title-md fg-text-dark ffb-title-2\"><a class=\"\" href=\"https:\/\/www.goonnutrition.pl\/de\/uber-die-marke\/bestimmte-zusammensetzung\/\">BESTIMMTE ZUSAMMENSETZUNG<\/a><\/h2><div class=\"blog-timeline-1-text fg-text-dark ffb-p-content-3\"><div class=\"post-content ff-richtext\"><p>Die Zusammensetzung von GO ON erg\u00e4nzt! Die Ern\u00e4hrung ist kurz und transparent. Unsere Erg\u00e4nzungen enthalten keine unn\u00f6tigen Zus\u00e4tze. Der auf der Verpackung angegebene Gehalt an N\u00e4hrstoffen entspricht zu 100% ihrer Anwesenheit im Produkt. Auf den Etiketten von GO ON erg\u00e4nzt! Nutrition hat keine geheimnisvoll klingenden, patentierten Mixnamen, unter denen Sie nicht wissen, was versteckt ist. Solche Nahrungserg\u00e4nzungsmittel k\u00f6nnen sogar sch\u00e4dlich sein oder die angegebene N\u00e4hrwertkennzeichnung nicht erf\u00fcllen. Die Zusammensetzung von GO ON erg\u00e4nzt! Die Ern\u00e4hrung ist vollst\u00e4ndig \u00f6ffentlich. Wir stellen sicher, dass der Verbraucher sich dessen bewusst ist, was er kauft. Wir liefern zuverl\u00e4ssige Informationen \u00fcber die Wirkung von Inhaltsstoffen in Nahrungserg\u00e4nzungsmitteln. Wir konzentrieren uns auf eine klare Botschaft, denn wir m\u00fcssen uns nicht sch\u00e4men! Die Zusammensetzung von GO ON Nutrition Supplements! wurde von Experten entwickelt, dank denen es perfekt die Erwartungen selbst der anspruchsvollsten Athleten erf\u00fcllt.<\/p>\n<\/div><\/div><\/div><div class=\"blog-grid-separator fg-text-dark ffb-separator-4\"><\/div><div class=\"blog-grid-supplemental\"><div class=\"blog-grid-supplemental-title\"><span class=\"ff-meta-item  fg-text-dark ffb-categories-5-1 fg-text-dark ffb-meta-data-5\"><a href=\"https:\/\/www.goonnutrition.pl\/de\/category\/uber-die-marke\/\" class=\"ff-term-60\">\u00dcber die Marke<\/a><\/span><span class=\"ff-meta-separator fg-text-dark ffb-custom-separator\">&nbsp;-&nbsp;<\/span><span class=\"ff-meta-item  fg-text-dark ffb-date-5-2\"><a class=\"blog-grid-supplemental-category\" href=\"https:\/\/www.goonnutrition.pl\/de\/2018\/09\/12\/\">09\/12\/2018<\/a><\/span><\/div><\/div><\/div><\/article><\/div><\/div><\/div><\/div><\/section><\/div><\/div><\/div><\/section><style>.ffb-id-j0ab2h7{ padding-top: 20px;padding-bottom: 5px;}ffb-id-j0ab2h8{ margin-top: ;margin-right: ;margin-bottom: ;margin-left: ;padding-top: ;padding-right: ;padding-bottom: ;padding-left: ;}@media (min-width:768px) { ffb-id-j0ab2h8{ margin-top: ;margin-right: ;margin-bottom: ;margin-left: ;padding-top: ;padding-right: ;padding-bottom: ;padding-left: ;}}@media (min-width:992px) { ffb-id-j0ab2h8{ margin-top: ;margin-right: ;margin-bottom: ;margin-left: ;padding-top: ;padding-right: ;padding-bottom: ;padding-left: ;}}@media (min-width:1200px) { ffb-id-j0ab2h8{ margin-top: ;margin-right: ;margin-bottom: ;margin-left: ;padding-top: ;padding-right: ;padding-bottom: ;padding-left: ;}}ffb-id-j0ab2h8{ border-all: 1px solid rgba(128,128,128,0.4) !important;}ffb-id-j0ab2h8{ box-shadow: 0px 3px 5px 0px rgba(0,0,0,0.18);}ffb-id-j0ab2h8{ border-radius:     !important;}{ border: 10px solid red !important;}ffb-id-p7gtd8r .timeline-v3:before{ background-color: #69697b;}ffb-id-p7gtd8r .timeline-v3 .timeline-v3-badge:before{ border-color: #757589;}ffb-id-p7gtd8r .timeline-v3 .timeline-v3-badge-icon{ background-color: #bf9d44;}ffb-id-p7gtd8r .timeline-v3 .timeline-v3-badge-icon{ border-color: #ffffff;}ffb-id-p7gtd8r .blog-grid{ background-color: #ffffff;}<\/style><script type=\"text\/javascript\">(function($){\njQuery(document).ready(function($) { \n$('ffb-id-j0ab2h8').css('background','red');\n});\n\n})(jQuery);\n<\/script>\n","protected":false},"excerpt":{"rendered":"","protected":false},"author":1,"featured_media":0,"parent":0,"menu_order":0,"comment_status":"closed","ping_status":"open","template":"","meta":{"footnotes":""},"acf":[],"_links":{"self":[{"href":"https:\/\/www.goonnutrition.pl\/de\/wp-json\/wp\/v2\/pages\/617"}],"collection":[{"href":"https:\/\/www.goonnutrition.pl\/de\/wp-json\/wp\/v2\/pages"}],"about":[{"href":"https:\/\/www.goonnutrition.pl\/de\/wp-json\/wp\/v2\/types\/page"}],"author":[{"embeddable":true,"href":"https:\/\/www.goonnutrition.pl\/de\/wp-json\/wp\/v2\/users\/1"}],"replies":[{"embeddable":true,"href":"https:\/\/www.goonnutrition.pl\/de\/wp-json\/wp\/v2\/comments?post=617"}],"version-history":[{"count":3,"href":"https:\/\/www.goonnutrition.pl\/de\/wp-json\/wp\/v2\/pages\/617\/revisions"}],"predecessor-version":[{"id":1055,"href":"https:\/\/www.goonnutrition.pl\/de\/wp-json\/wp\/v2\/pages\/617\/revisions\/1055"}],"wp:attachment":[{"href":"https:\/\/www.goonnutrition.pl\/de\/wp-json\/wp\/v2\/media?parent=617"}],"curies":[{"name":"wp","href":"https:\/\/api.w.org\/{rel}","templated":true}]}}